{"id":763,"date":"2019-09-18T15:40:29","date_gmt":"2019-09-18T20:40:29","guid":{"rendered":"https:\/\/mega-mall-ecuador.com\/fiestasinfantilesquito\/?page_id=763"},"modified":"2019-09-18T15:40:33","modified_gmt":"2019-09-18T20:40:33","slug":"terminos-y-condiciones","status":"publish","type":"page","link":"https:\/\/mega-mall-ecuador.com\/fiestasinfantilesquito\/terminos-y-condiciones\/","title":{"rendered":"T\u00e9rminos y Condiciones"},"content":{"rendered":"\n<h1 class=\"wp-block-heading\">T\u00e9rminos y condiciones de uso del sitio web.<\/h1>\n\n\n\n<p>Bienvenido a nuestro sitio web. Si contin\u00faa navegando y utilizando este sitio web, acepta cumplir y estar sujeto a los siguientes t\u00e9rminos y condiciones de uso, que junto con nuestra pol\u00edtica de privacidad rigen la relaci\u00f3n de MegaMallEcuador con usted en relaci\u00f3n con este sitio web. Si no est\u00e1 de acuerdo con alguna parte de estos t\u00e9rminos y condiciones, no utilice nuestro sitio web.<br>\nEl t\u00e9rmino \u00abMegaMallEcuador\u00bb o \u00abnosotros\u00bb o \u00abnosotros\u00bb se refiere al propietario del sitio web cuyo domicilio social es 170203. El t\u00e9rmino \u00abusted\u00bb se refiere al usuario o visitante de nuestro sitio web.<\/p>\n\n\n\n<p>El uso de este sitio web est\u00e1 sujeto a los siguientes t\u00e9rminos de uso:<\/p>\n\n\n\n<p>\u2022 El contenido de las p\u00e1ginas de este sitio web es solo para su informaci\u00f3n general y uso. Est\u00e1 sujeto a cambios sin previo aviso.<\/p>\n\n\n\n<p>\u2022 Este sitio web puede usar cookies para controlar las preferencias de navegaci\u00f3n. Si permite el uso de cookies, consulte nuestra privacidad<br>\npol\u00edtica para detalles de qu\u00e9 datos podemos recopilar y c\u00f3mo se pueden usar.<\/p>\n\n\n\n<p>\u2022 Ni nosotros ni ning\u00fan tercero brindamos ninguna garant\u00eda en cuanto a la precisi\u00f3n, puntualidad, rendimiento, integridad\u00a0o la idoneidad de la informaci\u00f3n y los materiales encontrados u ofrecidos en este sitio web para cualquier prop\u00f3sito particular. Usted reconoce que dicha informaci\u00f3n y materiales pueden contener imprecisiones o errores y excluimos expresamente la responsabilidad por tales<br> imprecisiones o errores en la mayor medida permitida por la ley.<\/p>\n\n\n\n<p>\u2022 El uso de cualquier informaci\u00f3n o material en este sitio web es bajo su propio riesgo, por lo que no seremos responsables.<br>\nSer\u00e1 su responsabilidad asegurarse de que cualquier producto, servicio o informaci\u00f3n disponible a trav\u00e9s de este sitio web<br>\nCumplir con sus requisitos espec\u00edficos.<\/p>\n\n\n\n<p>\u2022 Este sitio web contiene material que nos pertenece o tiene licencia. Este material incluye, entre otros, el dise\u00f1o,  apariencia y gr\u00e1ficos. Se proh\u00edbe la reproducci\u00f3n de otra manera que no sea de acuerdo con el aviso de copyright, que forma<br> parte de estos t\u00e9rminos y condiciones.<\/p>\n\n\n\n<p>\u2022 Todas las marcas registradas que se reproducen en este sitio web, que no son propiedad ni est\u00e1n autorizadas por el operador, se reconocen en<br>\nel sitio web.<\/p>\n\n\n\n<p>\u2022 El uso no autorizado de este sitio web puede dar lugar a un reclamo por da\u00f1os y perjuicios y \/ o ser un delito penal.<\/p>\n\n\n\n<p>\u2022 De vez en cuando, este sitio web tambi\u00e9n puede incluir enlaces a otros sitios web. Estos enlaces se proporcionan para su conveniencia para proporcionar m\u00e1s informaci\u00f3n. No significan que respaldamos los sitios web. No tenemos responsabilidad por el contenido de  los sitios web vinculados.<\/p>\n\n\n\n<p>\u2022 El uso de este sitio web y cualquier disputa que surja de dicho uso del sitio web est\u00e1 sujeto a las leyes de Ecuador.<\/p>\n","protected":false},"excerpt":{"rendered":"<p>T\u00e9rminos y condiciones de uso del sitio web. Bienvenido a nuestro sitio web. Si contin\u00faa navegando y utilizando este sitio web, acepta cumplir y estar sujeto a los siguientes t\u00e9rminos y condiciones de uso, que junto con nuestra pol\u00edtica de privacidad rigen la relaci\u00f3n de MegaMallEcuador con usted en relaci\u00f3n con este sitio web. Si [&hellip;]<\/p>\n","protected":false},"author":1,"featured_media":0,"parent":0,"menu_order":0,"comment_status":"closed","ping_status":"closed","template":"","meta":{"_acf_changed":false,"footnotes":""},"class_list":["post-763","page","type-page","status-publish","hentry"],"acf":[],"_links":{"self":[{"href":"https:\/\/mega-mall-ecuador.com\/fiestasinfantilesquito\/wp-json\/wp\/v2\/pages\/763","targetHints":{"allow":["GET"]}}],"collection":[{"href":"https:\/\/mega-mall-ecuador.com\/fiestasinfantilesquito\/wp-json\/wp\/v2\/pages"}],"about":[{"href":"https:\/\/mega-mall-ecuador.com\/fiestasinfantilesquito\/wp-json\/wp\/v2\/types\/page"}],"author":[{"embeddable":true,"href":"https:\/\/mega-mall-ecuador.com\/fiestasinfantilesquito\/wp-json\/wp\/v2\/users\/1"}],"replies":[{"embeddable":true,"href":"https:\/\/mega-mall-ecuador.com\/fiestasinfantilesquito\/wp-json\/wp\/v2\/comments?post=763"}],"version-history":[{"count":0,"href":"https:\/\/mega-mall-ecuador.com\/fiestasinfantilesquito\/wp-json\/wp\/v2\/pages\/763\/revisions"}],"wp:attachment":[{"href":"https:\/\/mega-mall-ecuador.com\/fiestasinfantilesquito\/wp-json\/wp\/v2\/media?parent=763"}],"curies":[{"name":"wp","href":"https:\/\/api.w.org\/{rel}","templated":true}]}}