{"id":760,"date":"2019-09-18T15:37:06","date_gmt":"2019-09-18T20:37:06","guid":{"rendered":"https:\/\/mega-mall-ecuador.com\/fiestasinfantilesquito\/?page_id=760"},"modified":"2019-09-18T15:37:12","modified_gmt":"2019-09-18T20:37:12","slug":"politicas-de-privacidad","status":"publish","type":"page","link":"https:\/\/mega-mall-ecuador.com\/fiestasinfantilesquito\/politicas-de-privacidad\/","title":{"rendered":"Pol\u00edticas de Privacidad"},"content":{"rendered":"\n<p>Pol\u00edtica de privacidad.<\/p>\n\n\n\n<p>Esta pol\u00edtica de privacidad establece c\u00f3mo MegaMallEcuador usa y protege cualquier informaci\u00f3n que usted proporcione a MegaMallEcuador cuando usa este sitio web.<\/p>\n\n\n\n<p>MegaMallEcuador se compromete a garantizar que su privacidad est\u00e9 protegida. Si le solicitamos que brinde cierta informaci\u00f3n por la cual pueda ser identificado cuando use este sitio web, entonces puede estar seguro de que solo se usar\u00e1 de acuerdo con esta declaraci\u00f3n de privacidad.<\/p>\n\n\n\n<p>MegaMallEcuador puede cambiar esta pol\u00edtica de vez en cuando al actualizar esta p\u00e1gina. Debe consultar esta p\u00e1gina de vez en cuando para asegurarse de estar satisfecho con cualquier cambio. Esta pol\u00edtica es efectiva desde el lunes 08 de febrero de 2016.<\/p>\n\n\n\n<h1 class=\"wp-block-heading\">Lo que recogemos<\/h1>\n\n\n\n<p>Podemos recopilar la siguiente informaci\u00f3n:<\/p>\n\n\n\n<p>\u2022 nombre y cargo<br>\n\u2022 informaci\u00f3n de contacto, incluida la direcci\u00f3n de correo electr\u00f3nico<br>\n\u2022 informaci\u00f3n demogr\u00e1fica como c\u00f3digo postal, preferencias e intereses<br>\n\u2022 otra informaci\u00f3n relevante para encuestas a clientes u ofertas<\/p>\n\n\n\n<h1 class=\"wp-block-heading\">Qu\u00e9 hacemos con la informaci\u00f3n que recopilamos<\/h1>\n\n\n\n<p>Requerimos esta informaci\u00f3n para comprender sus necesidades y brindarle un mejor servicio, y en particular por las siguientes razones:<\/p>\n\n\n\n<p>\u2022 Mantenimiento de registros internos.<br>\n\u2022 Podemos utilizar la informaci\u00f3n para mejorar nuestros productos y servicios.<br>\n\u2022 Podemos enviar peri\u00f3dicamente correos electr\u00f3nicos promocionales sobre nuevos productos, ofertas especiales u otra informaci\u00f3n que creemos que puede encontrar<br>\ninteresante utilizando la direcci\u00f3n de correo electr\u00f3nico que ha proporcionado.<br>\n\u2022 De vez en cuando, tambi\u00e9n podemos utilizar su informaci\u00f3n para contactarlo con fines de investigaci\u00f3n de mercado. Podemos contactarlo por correo electr\u00f3nico,<br>\ntel\u00e9fono, fax o correo. Podemos utilizar la informaci\u00f3n para personalizar el sitio web de acuerdo con sus intereses.<\/p>\n\n\n\n<h1 class=\"wp-block-heading\">Seguridad<\/h1>\n\n\n\n<p>Nos comprometemos a garantizar que su informaci\u00f3n est\u00e9 segura. Para evitar el acceso o divulgaci\u00f3n no autorizados, hemos puesto<br>\nestablecer procedimientos f\u00edsicos, electr\u00f3nicos y administrativos adecuados para salvaguardar y asegurar la informaci\u00f3n que recopilamos en l\u00ednea.<\/p>\n\n\n\n<h1 class=\"wp-block-heading\">C\u00f3mo usamos las cookies<\/h1>\n\n\n\n<p>Una cookie es un peque\u00f1o archivo que pide permiso para ser colocado en el disco duro de su computadora. Una vez que acepta, el archivo se agrega y la cookie ayuda a analizar el tr\u00e1fico web o le permite saber cu\u00e1ndo visita un sitio en particular. Las cookies permiten que las aplicaciones web le respondan como individuo. La aplicaci\u00f3n web puede adaptar sus operaciones a sus necesidades, gustos y disgustos al recopilar y recordar informaci\u00f3n sobre sus preferencias.<\/p>\n\n\n\n<p>Podemos usar cookies de registro de tr\u00e1fico para identificar qu\u00e9 p\u00e1ginas se est\u00e1n utilizando. Esto nos ayuda a analizar datos sobre el tr\u00e1fico de la p\u00e1gina web y mejorar nuestro sitio web para adaptarlo a las necesidades del cliente. Solo usamos esta informaci\u00f3n para fines de an\u00e1lisis estad\u00edstico y luego los datos se eliminan del sistema.<br>\n&nbsp;<br>\nEn general, las cookies nos ayudan a proporcionarle un mejor sitio web, al permitirnos monitorear qu\u00e9 p\u00e1ginas le parecen \u00fatiles y cu\u00e1les no. Una cookie de ninguna manera nos da acceso a su computadora o cualquier informaci\u00f3n sobre usted, aparte de los datos que elige compartir con nosotros.<br>\nPuede elegir aceptar o rechazar las cookies. La mayor\u00eda de los navegadores web aceptan autom\u00e1ticamente las cookies, pero generalmente puede modificar la configuraci\u00f3n de su navegador para rechazar las cookies si lo prefiere. Esto puede evitar que aproveche al m\u00e1ximo el sitio web.<\/p>\n\n\n\n<h1 class=\"wp-block-heading\">Enlaces a otros sitios web<\/h1>\n\n\n\n<p>Nuestro sitio web puede contener enlaces a otros sitios web de inter\u00e9s. Sin embargo, una vez que haya utilizado estos enlaces para abandonar nuestro sitio, debe tener en cuenta que no tenemos ning\u00fan control sobre ese otro sitio web. Por lo tanto, no podemos ser responsables de la protecci\u00f3n y privacidad de cualquier informaci\u00f3n que usted proporcione mientras visita dichos sitios y dichos sitios no se rigen por esta declaraci\u00f3n de privacidad. Debe tener precauci\u00f3n y consultar la declaraci\u00f3n de privacidad aplicable al sitio web en cuesti\u00f3n.<\/p>\n\n\n\n<h1 class=\"wp-block-heading\">Controlando su informaci\u00f3n personal<\/h1>\n\n\n\n<p>Puede optar por restringir la recopilaci\u00f3n o el uso de su informaci\u00f3n personal de las siguientes maneras:<\/p>\n\n\n\n<p>\u2022 cada vez que se le solicite completar un formulario en el sitio web, busque el cuadro en el que puede hacer clic<br>\nindicar que no desea que la informaci\u00f3n sea utilizada por nadie con fines de marketing directo<br>\n\u2022 si previamente ha aceptado que usemos su informaci\u00f3n personal para fines de marketing directo,<br>\npuede cambiar de opini\u00f3n en cualquier momento escribi\u00e9ndonos o envi\u00e1ndonos un correo electr\u00f3nico a soporte@mega-mall-ecuador.com<\/p>\n\n\n\n<p>No venderemos, distribuiremos ni alquilaremos su informaci\u00f3n personal a terceros a menos que tengamos su permiso o la ley as\u00ed lo exija. Podemos usar su informaci\u00f3n personal para enviarle informaci\u00f3n promocional sobre terceros que creemos que puede encontrar interesante si nos dice que desea que esto suceda.<\/p>\n\n\n\n<p>Puede solicitar detalles de la informaci\u00f3n personal que tenemos sobre usted seg\u00fan lo regulan las leyes de Ecuador.<br>\nSe puede pagar una peque\u00f1a tarifa. Si desea una copia de la informaci\u00f3n que tiene sobre usted, escriba a 170203.<\/p>\n\n\n\n<p>Si cree que cualquier informaci\u00f3n que tenemos sobre usted es incorrecta o est\u00e1 incompleta, escr\u00edbanos o env\u00edenos un correo electr\u00f3nico lo antes posible a la direcci\u00f3n anterior. Corregiremos de inmediato cualquier informaci\u00f3n que sea incorrecta.<\/p>\n","protected":false},"excerpt":{"rendered":"<p>Pol\u00edtica de privacidad. Esta pol\u00edtica de privacidad establece c\u00f3mo MegaMallEcuador usa y protege cualquier informaci\u00f3n que usted proporcione a MegaMallEcuador cuando usa este sitio web. MegaMallEcuador se compromete a garantizar que su privacidad est\u00e9 protegida. Si le solicitamos que brinde cierta informaci\u00f3n por la cual pueda ser identificado cuando use este sitio web, entonces puede [&hellip;]<\/p>\n","protected":false},"author":1,"featured_media":0,"parent":0,"menu_order":0,"comment_status":"closed","ping_status":"closed","template":"","meta":{"_acf_changed":false,"footnotes":""},"class_list":["post-760","page","type-page","status-publish","hentry"],"acf":[],"_links":{"self":[{"href":"https:\/\/mega-mall-ecuador.com\/fiestasinfantilesquito\/wp-json\/wp\/v2\/pages\/760","targetHints":{"allow":["GET"]}}],"collection":[{"href":"https:\/\/mega-mall-ecuador.com\/fiestasinfantilesquito\/wp-json\/wp\/v2\/pages"}],"about":[{"href":"https:\/\/mega-mall-ecuador.com\/fiestasinfantilesquito\/wp-json\/wp\/v2\/types\/page"}],"author":[{"embeddable":true,"href":"https:\/\/mega-mall-ecuador.com\/fiestasinfantilesquito\/wp-json\/wp\/v2\/users\/1"}],"replies":[{"embeddable":true,"href":"https:\/\/mega-mall-ecuador.com\/fiestasinfantilesquito\/wp-json\/wp\/v2\/comments?post=760"}],"version-history":[{"count":0,"href":"https:\/\/mega-mall-ecuador.com\/fiestasinfantilesquito\/wp-json\/wp\/v2\/pages\/760\/revisions"}],"wp:attachment":[{"href":"https:\/\/mega-mall-ecuador.com\/fiestasinfantilesquito\/wp-json\/wp\/v2\/media?parent=760"}],"curies":[{"name":"wp","href":"https:\/\/api.w.org\/{rel}","templated":true}]}}